{"id":1623,"date":"2020-10-15T00:33:00","date_gmt":"2020-10-14T21:33:00","guid":{"rendered":"http:\/\/zanartgrafik.com\/kaya\/?page_id=1623"},"modified":"2021-09-20T10:54:30","modified_gmt":"2021-09-20T07:54:30","slug":"message-from-ceo","status":"publish","type":"page","link":"https:\/\/kayaplastik.com.tr\/ru\/message-from-ceo\/","title":{"rendered":"\u041e\u0431\u0440\u0430\u0449\u0435\u043d\u0438\u0435 \u0433\u0435\u043d\u0435\u0440\u0430\u043b\u044c\u043d\u043e\u0433\u043e \u0434\u0438\u0440\u0435\u043a\u0442\u043e\u0440\u0430"},"content":{"rendered":"<p><strong>De\u011ferli M\u00fc\u015fterilerimiz ve De\u011ferli \u00c7al\u0131\u015fanlar\u0131m\u0131z<\/strong><\/p>\n<p>Sekt\u00f6r\u00fcn kurucusu ve lider \u015firketi Kaya Plastik y\u0131llard\u0131r s\u00fcrd\u00fcrd\u00fc\u011f\u00fc kaliteli ve m\u00fc\u015fteri odakl\u0131 hizmet anlay\u0131\u015f\u0131 ile sekt\u00f6rdeki lider konumunu i\u00e7 ve d\u0131\u015f piyasada daha da g\u00fc\u00e7lendirerek yoluna devam etmektedir.33 y\u0131ll\u0131k firma ge\u00e7mi\u015fi , s\u00fcrekli b\u00fcy\u00fcyen ve geni\u015fleyen yap\u0131s\u0131 Kaya Plastik firmas\u0131na duyulan g\u00fcvenin ve m\u00fc\u015fteri memnuyetinin bir sonucudur.<\/p>\n<p>Hammadde giri\u015fi ile ba\u015flayan kalite kontrol\u00fc, \u00fcretim a\u015famalar\u0131nda devam etmekte ve nihai mamul ambalaj\u0131na kadar \u00f6zenle s\u00fcrd\u00fcr\u00fclmektedir. Bunun d\u0131\u015f\u0131nda m\u00fc\u015fterilerimizin \u00f6zel \u00fcretim talepleri analiz ve numune \u00e7al\u0131\u015fmalar\u0131 da yap\u0131larak h\u0131zla sonu\u00e7land\u0131r\u0131lmaktad\u0131r.<\/p>\n<p>1979`dan beri s\u00fcre gelen tecr\u00fcbe ve birikimle olu\u015fmu\u015f geni\u015f bir \u00fcr\u00fcn yelpazesine sahip olan firmam\u0131z, modern makine teknolojisine paralel olarak uzman kadrosu ile en iyi hizmeti sunmaya \u00e7al\u0131\u015fmaktad\u0131r. Avrupa ba\u015fta olmak \u00fczere Asya, Ortado\u011fu \u00fclkelerine \u00fcr\u00fcnlerimizi her ge\u00e7en y\u0131l artan miktarlarda ihra\u00e7 etmekteyiz. Personelimiz ,\u015firket i\u00e7i, \u015firket d\u0131\u015f\u0131 e\u011fitim programlar\u0131 , seminerler ile bilgiler tazelenmekte, g\u00fcncel teknolojik geli\u015fmeler takip edilmektedir. Her t\u00fcrl\u00fc bilgi ve \u00fcr\u00fcn bilgisayar desteklidir.<\/p>\n<p>Ayr\u0131ca insan sa\u011fl\u0131\u011f\u0131 ve \u00e7evreye zararl\u0131 olabilecek at\u0131klar i\u00e7in gerekli \u00f6nlemler ciddiyetle al\u0131nm\u0131\u015ft\u0131r.<\/p>\n<p>Hizmet verdi\u011fimiz k\u00fc\u00e7\u00fck ,b\u00fcy\u00fck t\u00fcm \u015firketlere bize duyduklar\u0131 g\u00fcven ve destekten dolay\u0131 te\u015fekk\u00fcrlerimi sunar\u0131m.<\/p>\n<p>Yeni hedeflerimizle sizlere kaliteli ve h\u0131zl\u0131 hizmet sunmaya devam etmeyi diliyoruz.<\/p>\n<p><strong style=\"color: red;\">Mehmet Kaya<\/strong><br \/>\n<em>Genel M\u00fcd\u00fcr<\/em><\/p>\n","protected":false},"excerpt":{"rendered":"<p>De\u011ferli M\u00fc\u015fterilerimiz ve De\u011ferli \u00c7al\u0131\u015fanlar\u0131m\u0131z Sekt\u00f6r\u00fcn kurucusu ve lider \u015firketi Kaya Plastik y\u0131llard\u0131r s\u00fcrd\u00fcrd\u00fc\u011f\u00fc kaliteli ve m\u00fc\u015fteri odakl\u0131 hizmet anlay\u0131\u015f\u0131 ile sekt\u00f6rdeki lider konumunu i\u00e7 ve d\u0131\u015f piyasada daha da &#8230;<\/p>\n","protected":false},"author":1,"featured_media":1869,"parent":0,"menu_order":0,"comment_status":"closed","ping_status":"closed","template":"","meta":[],"_links":{"self":[{"href":"https:\/\/kayaplastik.com.tr\/ru\/wp-json\/wp\/v2\/pages\/1623"}],"collection":[{"href":"https:\/\/kayaplastik.com.tr\/ru\/wp-json\/wp\/v2\/pages"}],"about":[{"href":"https:\/\/kayaplastik.com.tr\/ru\/wp-json\/wp\/v2\/types\/page"}],"author":[{"embeddable":true,"href":"https:\/\/kayaplastik.com.tr\/ru\/wp-json\/wp\/v2\/users\/1"}],"replies":[{"embeddable":true,"href":"https:\/\/kayaplastik.com.tr\/ru\/wp-json\/wp\/v2\/comments?post=1623"}],"version-history":[{"count":2,"href":"https:\/\/kayaplastik.com.tr\/ru\/wp-json\/wp\/v2\/pages\/1623\/revisions"}],"predecessor-version":[{"id":2115,"href":"https:\/\/kayaplastik.com.tr\/ru\/wp-json\/wp\/v2\/pages\/1623\/revisions\/2115"}],"wp:featuredmedia":[{"embeddable":true,"href":"https:\/\/kayaplastik.com.tr\/ru\/wp-json\/wp\/v2\/media\/1869"}],"wp:attachment":[{"href":"https:\/\/kayaplastik.com.tr\/ru\/wp-json\/wp\/v2\/media?parent=1623"}],"curies":[{"name":"wp","href":"https:\/\/api.w.org\/{rel}","templated":true}]}}