{"id":1617,"date":"2020-10-15T00:30:47","date_gmt":"2020-10-14T21:30:47","guid":{"rendered":"http:\/\/zanartgrafik.com\/kaya\/?page_id=1617"},"modified":"2021-09-20T10:54:03","modified_gmt":"2021-09-20T07:54:03","slug":"about-us","status":"publish","type":"page","link":"https:\/\/kayaplastik.com.tr\/ru\/about-us\/","title":{"rendered":"\u043e \u043d\u0430\u0441"},"content":{"rendered":"<p><img loading=\"lazy\" class=\"alignnone wp-image-1618 size-full\" src=\"http:\/\/zanartgrafik.com\/kaya\/wp-content\/uploads\/2020\/10\/Factory-ph-SILIVRI-ISTANBUL-1-1-e1602711020948.jpg\" alt=\"\" width=\"2500\" height=\"618\" srcset=\"https:\/\/kayaplastik.com.tr\/ru\/wp-content\/uploads\/2020\/10\/Factory-ph-SILIVRI-ISTANBUL-1-1-e1602711020948.jpg 2500w, https:\/\/kayaplastik.com.tr\/ru\/wp-content\/uploads\/2020\/10\/Factory-ph-SILIVRI-ISTANBUL-1-1-e1602711020948-300x74.jpg 300w, https:\/\/kayaplastik.com.tr\/ru\/wp-content\/uploads\/2020\/10\/Factory-ph-SILIVRI-ISTANBUL-1-1-e1602711020948-1024x253.jpg 1024w, https:\/\/kayaplastik.com.tr\/ru\/wp-content\/uploads\/2020\/10\/Factory-ph-SILIVRI-ISTANBUL-1-1-e1602711020948-768x190.jpg 768w, https:\/\/kayaplastik.com.tr\/ru\/wp-content\/uploads\/2020\/10\/Factory-ph-SILIVRI-ISTANBUL-1-1-e1602711020948-1536x380.jpg 1536w, https:\/\/kayaplastik.com.tr\/ru\/wp-content\/uploads\/2020\/10\/Factory-ph-SILIVRI-ISTANBUL-1-1-e1602711020948-2048x506.jpg 2048w\" sizes=\"(max-width: 2500px) 100vw, 2500px\" \/><\/p>\n<p>Branda sekt\u00f6r\u00fcn\u00fcn \u00f6nc\u00fc lideri olan KAYA PLAST\u0130K BRANDA SANAY\u0130 VE T\u0130CARET A.\u015e. sekt\u00f6r\u00fcn ilk ve en tecr\u00fcbeli PVC branda \u00fcreticisidir.<\/p>\n<p>1979 y\u0131l\u0131ndan beri \u00fcretim yapan fabrikam\u0131z 25 d\u00f6n\u00fcm kapal\u0131 \u00fcretim tesisine sahiptir. Fabrikam\u0131z teknik bilgi ve g\u00fcn\u00fcm\u00fcz teknolojisinin birle\u015fmesi ile ortaya \u00e7\u0131kan kalite sayesinde y\u0131ll\u0131k 40.000.000m\u00b2 den fazla uluslararas\u0131 standartlara uygun PVC branda \u00fcretim kapasitesi ile sekt\u00f6r\u00fcn en b\u00fcy\u00fck tedarik\u00e7isi unvan\u0131na sahiptir ve 120\u2019den fazla \u00fclkeye ihracat yaparak \u00fclkemizin sekt\u00f6rdeki en b\u00fcy\u00fck ihracat\u00e7\u0131 firmas\u0131 pozisyonunu korumaktad\u0131r.<\/p>\n<p>\u00dclkemizin tek PVC \u015feffaf branda ve balonlu al\u00fcminyum kuma\u015f \u00fcreticisidir.<\/p>\n<p>Firmam\u0131z dinamik ve yenilik\u00e7i altyap\u0131s\u0131yla her y\u0131l uluslararas\u0131 fuarlara kat\u0131larak \u00fclkemizi ba\u015far\u0131yla temsil etmektedir.<\/p>\n","protected":false},"excerpt":{"rendered":"<p>Branda sekt\u00f6r\u00fcn\u00fcn \u00f6nc\u00fc lideri olan KAYA PLAST\u0130K BRANDA SANAY\u0130 VE T\u0130CARET A.\u015e. sekt\u00f6r\u00fcn ilk ve en tecr\u00fcbeli PVC branda \u00fcreticisidir. 1979 y\u0131l\u0131ndan beri \u00fcretim yapan fabrikam\u0131z 25 d\u00f6n\u00fcm kapal\u0131 \u00fcretim &#8230;<\/p>\n","protected":false},"author":1,"featured_media":1867,"parent":0,"menu_order":0,"comment_status":"closed","ping_status":"closed","template":"","meta":[],"_links":{"self":[{"href":"https:\/\/kayaplastik.com.tr\/ru\/wp-json\/wp\/v2\/pages\/1617"}],"collection":[{"href":"https:\/\/kayaplastik.com.tr\/ru\/wp-json\/wp\/v2\/pages"}],"about":[{"href":"https:\/\/kayaplastik.com.tr\/ru\/wp-json\/wp\/v2\/types\/page"}],"author":[{"embeddable":true,"href":"https:\/\/kayaplastik.com.tr\/ru\/wp-json\/wp\/v2\/users\/1"}],"replies":[{"embeddable":true,"href":"https:\/\/kayaplastik.com.tr\/ru\/wp-json\/wp\/v2\/comments?post=1617"}],"version-history":[{"count":3,"href":"https:\/\/kayaplastik.com.tr\/ru\/wp-json\/wp\/v2\/pages\/1617\/revisions"}],"predecessor-version":[{"id":2113,"href":"https:\/\/kayaplastik.com.tr\/ru\/wp-json\/wp\/v2\/pages\/1617\/revisions\/2113"}],"wp:featuredmedia":[{"embeddable":true,"href":"https:\/\/kayaplastik.com.tr\/ru\/wp-json\/wp\/v2\/media\/1867"}],"wp:attachment":[{"href":"https:\/\/kayaplastik.com.tr\/ru\/wp-json\/wp\/v2\/media?parent=1617"}],"curies":[{"name":"wp","href":"https:\/\/api.w.org\/{rel}","templated":true}]}}