{"id":1631,"date":"2020-10-15T00:35:27","date_gmt":"2020-10-14T21:35:27","guid":{"rendered":"http:\/\/zanartgrafik.com\/kaya\/?page_id=1631"},"modified":"2021-09-20T11:04:29","modified_gmt":"2021-09-20T08:04:29","slug":"kvk-kanunu","status":"publish","type":"page","link":"https:\/\/kayaplastik.com.tr\/fr\/kvk-kanunu\/","title":{"rendered":"Loi KVK"},"content":{"rendered":"<p style=\"font-weight: 400;\"><b><strong>K\u0130\u015e\u0130SEL VER\u0130LER\u0130N KORUNMASI KANUNU UYARINCA VER\u0130 SAH\u0130B\u0130 BA\u015eVURU FORMU<\/strong><\/b><\/p>\n<p style=\"font-weight: 400;\">\n<p style=\"font-weight: 400;\"><b><strong>Ba\u015fvuru<\/strong><\/b><b><strong>\u00a0Tarihi :\u00a0\u2026. \/ \u2026. \/ \u2026\u2026<\/strong><\/b><\/p>\n<p><b><strong>\u00a0<\/strong><\/b><\/p>\n<table>\n<tbody>\n<tr>\n<td colspan=\"5\" width=\"619\">\n<p style=\"font-weight: 400;\"><b><strong>1.<\/strong><\/b><b><strong>\u00a0Veri\u00a0Sahibinin\u00a0<\/strong><\/b><b><strong>Kimlik<\/strong><\/b><b><strong>\u00a0<\/strong><\/b><b><strong>ve<\/strong><\/b><b><strong>\u00a0<\/strong><\/b><b><strong>\u0130leti\u015fim<\/strong><\/b><b><strong>\u00a0<\/strong><\/b><b><strong>Bilgileri<\/strong><\/b><\/p>\n<p style=\"font-weight: 400;\">\n<\/td>\n<\/tr>\n<tr>\n<td width=\"171\">\n<p style=\"font-weight: 400;\"><b><strong>Ad<\/strong><\/b><b><strong>\u2013Soyad\u0131<\/strong><\/b><\/p>\n<\/td>\n<td width=\"19\">\n<p style=\"font-weight: 400;\">:<\/p>\n<\/td>\n<td colspan=\"3\" width=\"429\">\n<p style=\"font-weight: 400;\">\n<\/td>\n<\/tr>\n<tr>\n<td width=\"171\">\n<p style=\"font-weight: 400;\"><b><strong>T.C.<\/strong><\/b><b><strong>\u00a0<\/strong><\/b><b><strong>Kimlik<\/strong><\/b><b><strong>\u00a0<\/strong><\/b><b><strong>\/Pasaport<\/strong><\/b><b><strong>\/<\/strong><\/b><b><strong>Kimlik<\/strong><\/b><\/p>\n<p style=\"font-weight: 400;\"><b><strong>Numara<\/strong><\/b><b><strong>s\u0131<\/strong><\/b><\/p>\n<\/td>\n<td width=\"19\">\n<p style=\"font-weight: 400;\">:<\/p>\n<\/td>\n<td colspan=\"3\" width=\"429\">\n<p style=\"font-weight: 400;\">\n<\/td>\n<\/tr>\n<tr>\n<td width=\"171\">\n<p style=\"font-weight: 400;\"><b><strong>Tebligat<\/strong><\/b><b><strong>\u00a0Adresi<\/strong><\/b><\/p>\n<\/td>\n<td width=\"19\">\n<p style=\"font-weight: 400;\">:<\/p>\n<\/td>\n<td colspan=\"3\" width=\"429\">\n<p style=\"font-weight: 400;\">\n<\/td>\n<\/tr>\n<tr>\n<td width=\"171\">\n<p style=\"font-weight: 400;\"><b><strong>Cep<\/strong><\/b><b><strong>\u00a0<\/strong><\/b><b><strong>Telefonu<\/strong><\/b><\/p>\n<\/td>\n<td width=\"19\">\n<p style=\"font-weight: 400;\">:<\/p>\n<\/td>\n<td colspan=\"3\" width=\"429\">\n<p style=\"font-weight: 400;\">\n<\/td>\n<\/tr>\n<tr>\n<td width=\"171\">\n<p style=\"font-weight: 400;\"><b><strong>Telefon<\/strong><\/b><b><strong>\u00a0Numaras\u0131<\/strong><\/b><\/p>\n<\/td>\n<td width=\"19\">\n<p style=\"font-weight: 400;\">:<\/p>\n<\/td>\n<td colspan=\"3\" width=\"429\">\n<p style=\"font-weight: 400;\">\n<\/td>\n<\/tr>\n<tr>\n<td width=\"171\">\n<p style=\"font-weight: 400;\"><b><strong>Faks<\/strong><\/b><b><strong>\u00a0<\/strong><\/b><b><strong>Numaras\u0131<\/strong><\/b><\/p>\n<\/td>\n<td width=\"19\">\n<p style=\"font-weight: 400;\">:<\/p>\n<\/td>\n<td colspan=\"3\" width=\"429\">\n<p style=\"font-weight: 400;\">\n<\/td>\n<\/tr>\n<tr>\n<td width=\"171\">\n<p style=\"font-weight: 400;\"><b><strong>E-posta<\/strong><\/b><b><strong>\u00a0<\/strong><\/b><b><strong>Adresi<\/strong><\/b><\/p>\n<\/td>\n<td width=\"19\">\n<p style=\"font-weight: 400;\">:<\/p>\n<\/td>\n<td colspan=\"3\" width=\"429\">\n<p style=\"font-weight: 400;\">\n<\/td>\n<\/tr>\n<tr>\n<td width=\"171\">\n<p style=\"font-weight: 400;\"><b><strong>Kaya Plastik<\/strong><\/b><b><strong>\u00a0ile<\/strong><\/b><b><strong>\u00a0<\/strong><\/b><b><strong>\u0130li\u015fkiniz<\/strong><\/b><\/p>\n<\/td>\n<td width=\"19\">\n<p style=\"font-weight: 400;\">:<\/p>\n<\/td>\n<td width=\"143\">\n<p style=\"font-weight: 400;\">M\u00fc\u015fteri:<\/p>\n<\/td>\n<td width=\"143\">\n<p style=\"font-weight: 400;\">\u00c7al\u0131\u015fan:<\/p>\n<\/td>\n<td width=\"143\">\n<p style=\"font-weight: 400;\">Di\u011fer:<\/p>\n<\/td>\n<\/tr>\n<tr>\n<td width=\"171\">\n<p style=\"font-weight: 400;\"><b><strong>Cevab\u0131n<\/strong><\/b><b><strong>\u00a0Taraf\u0131n\u0131za<\/strong><\/b><\/p>\n<p style=\"font-weight: 400;\"><b><strong>Bildirilme<\/strong><\/b><b><strong>\u00a0<\/strong><\/b><b><strong>Y\u00f6ntemi<\/strong><\/b><\/p>\n<\/td>\n<td width=\"19\">\n<p style=\"font-weight: 400;\">:<\/p>\n<\/td>\n<td width=\"143\">\n<p style=\"font-weight: 400;\">Posta:<\/p>\n<\/td>\n<td width=\"143\">\n<p style=\"font-weight: 400;\">e Posta:<\/p>\n<\/td>\n<td width=\"143\">\n<p style=\"font-weight: 400;\">Fax:<\/p>\n<\/td>\n<\/tr>\n<tr>\n<td colspan=\"5\" width=\"619\">\n<p style=\"font-weight: 400;\"><b><strong>2.<\/strong><\/b><b><strong>\u00a0<\/strong><\/b><b><strong>Talep<\/strong><\/b><b><strong>\u00a0Konusu<\/strong><\/b><\/p>\n<p style=\"font-weight: 400;\">Ki\u015fisel\u00a0verilere\u00a0ili\u015fkin\u00a0talebinizi\u00a0a\u015fa\u011f\u0131da\u00a0\u201cTalep\u00a0Konusu\u201d\u00a0b\u00f6l\u00fcm\u00fcnden\u00a0yararlanarak\u00a0yazabilirsiniz.\u00a0Varsa\u00a0bilgi\u00a0ve\u00a0belgeleri\u00a0Form\u2019a\u00a0ekleyiniz.<\/p>\n<p style=\"font-weight: 400;\">.\u2026\u2026\u2026\u2026\u2026\u2026\u2026\u2026\u2026\u2026\u2026\u2026\u2026\u2026\u2026\u2026\u2026\u2026\u2026\u2026\u2026\u2026\u2026\u2026\u2026\u2026\u2026\u2026\u2026\u2026\u2026\u2026\u2026\u2026\u2026\u2026\u2026\u2026\u2026\u2026\u2026\u2026\u2026\u2026\u2026\u2026\u2026\u2026\u2026\u2026\u2026\u2026\u2026\u2026\u2026\u2026\u2026<\/p>\n<p style=\"font-weight: 400;\">.\u2026\u2026\u2026\u2026\u2026\u2026\u2026\u2026\u2026\u2026\u2026\u2026\u2026\u2026\u2026\u2026\u2026\u2026\u2026\u2026\u2026\u2026\u2026\u2026\u2026\u2026\u2026\u2026\u2026\u2026\u2026\u2026\u2026\u2026\u2026\u2026\u2026\u2026\u2026\u2026\u2026\u2026\u2026\u2026\u2026\u2026\u2026\u2026\u2026\u2026\u2026\u2026\u2026\u2026\u2026\u2026\u2026<\/p>\n<p style=\"font-weight: 400;\">\u2026\u2026\u2026\u2026\u2026\u2026\u2026\u2026\u2026\u2026\u2026\u2026\u2026\u2026\u2026\u2026\u2026\u2026\u2026\u2026\u2026\u2026\u2026\u2026\u2026\u2026\u2026\u2026\u2026\u2026\u2026\u2026\u2026\u2026\u2026\u2026\u2026\u2026\u2026\u2026\u2026\u2026\u2026\u2026\u2026\u2026\u2026\u2026\u2026\u2026\u2026\u2026\u2026\u2026\u2026\u2026\u2026<\/p>\n<p style=\"font-weight: 400;\">\u2026\u2026\u2026\u2026\u2026\u2026\u2026\u2026\u2026\u2026\u2026\u2026\u2026\u2026\u2026\u2026\u2026\u2026\u2026\u2026\u2026\u2026\u2026\u2026\u2026\u2026\u2026\u2026\u2026\u2026\u2026\u2026\u2026\u2026\u2026\u2026\u2026\u2026\u2026\u2026\u2026\u2026\u2026\u2026\u2026\u2026\u2026\u2026\u2026\u2026\u2026\u2026\u2026\u2026\u2026\u2026\u2026<\/p>\n<p style=\"font-weight: 400;\">\u2026\u2026\u2026\u2026\u2026\u2026\u2026\u2026\u2026\u2026\u2026\u2026\u2026\u2026\u2026\u2026\u2026\u2026\u2026\u2026\u2026\u2026\u2026\u2026\u2026\u2026\u2026\u2026\u2026\u2026\u2026\u2026\u2026\u2026\u2026\u2026\u2026\u2026\u2026\u2026\u2026\u2026\u2026\u2026\u2026\u2026\u2026\u2026\u2026\u2026\u2026\u2026\u2026\u2026\u2026\u2026\u2026<\/p>\n<p style=\"font-weight: 400;\">\u2026\u2026\u2026\u2026\u2026\u2026\u2026\u2026\u2026\u2026\u2026\u2026\u2026\u2026\u2026\u2026\u2026\u2026\u2026\u2026\u2026\u2026\u2026\u2026\u2026\u2026\u2026\u2026\u2026\u2026\u2026\u2026\u2026\u2026\u2026\u2026\u2026\u2026\u2026\u2026\u2026\u2026\u2026\u2026\u2026\u2026\u2026\u2026\u2026\u2026\u2026\u2026\u2026\u2026\u2026\u2026\u2026<\/p>\n<p style=\"font-weight: 400;\">\u2026\u2026\u2026\u2026\u2026\u2026\u2026\u2026\u2026\u2026\u2026\u2026\u2026\u2026\u2026\u2026\u2026\u2026\u2026\u2026\u2026\u2026\u2026\u2026\u2026\u2026\u2026\u2026\u2026\u2026\u2026\u2026\u2026\u2026\u2026\u2026\u2026\u2026\u2026\u2026\u2026\u2026\u2026\u2026\u2026\u2026\u2026\u2026\u2026\u2026\u2026\u2026\u2026\u2026\u2026\u2026\u2026<\/p>\n<p style=\"font-weight: 400;\">\u2026\u2026\u2026\u2026\u2026\u2026\u2026\u2026\u2026\u2026\u2026\u2026\u2026\u2026\u2026\u2026\u2026\u2026\u2026\u2026\u2026\u2026\u2026\u2026\u2026\u2026\u2026\u2026\u2026\u2026\u2026\u2026\u2026\u2026\u2026\u2026\u2026\u2026\u2026\u2026\u2026\u2026\u2026\u2026\u2026\u2026\u2026\u2026\u2026\u2026\u2026\u2026\u2026\u2026\u2026\u2026\u2026<\/p>\n<p style=\"font-weight: 400;\">.\u2026\u2026\u2026\u2026\u2026\u2026\u2026\u2026\u2026\u2026\u2026\u2026\u2026\u2026\u2026\u2026\u2026\u2026\u2026\u2026\u2026\u2026\u2026\u2026\u2026\u2026\u2026\u2026\u2026\u2026\u2026\u2026\u2026\u2026\u2026\u2026\u2026\u2026\u2026\u2026\u2026\u2026\u2026\u2026\u2026\u2026\u2026\u2026\u2026\u2026\u2026\u2026\u2026\u2026\u2026\u2026\u2026<\/p>\n<p style=\"font-weight: 400;\">.\u2026\u2026\u2026\u2026\u2026\u2026\u2026\u2026\u2026\u2026\u2026\u2026\u2026\u2026\u2026\u2026\u2026\u2026\u2026\u2026\u2026\u2026\u2026\u2026\u2026\u2026\u2026\u2026\u2026\u2026\u2026\u2026\u2026\u2026\u2026\u2026\u2026\u2026\u2026\u2026\u2026\u2026\u2026\u2026\u2026\u2026\u2026\u2026\u2026\u2026\u2026\u2026\u2026\u2026\u2026\u2026\u2026<\/p>\n<p style=\"font-weight: 400;\">\u2026\u2026\u2026\u2026\u2026\u2026\u2026\u2026\u2026\u2026\u2026\u2026\u2026\u2026\u2026\u2026\u2026\u2026\u2026\u2026\u2026\u2026\u2026\u2026\u2026\u2026\u2026\u2026\u2026\u2026\u2026\u2026\u2026\u2026\u2026\u2026\u2026\u2026\u2026\u2026\u2026\u2026\u2026\u2026\u2026\u2026\u2026\u2026\u2026\u2026\u2026\u2026\u2026\u2026\u2026\u2026\u2026<\/p>\n<p style=\"font-weight: 400;\">.\u2026\u2026\u2026\u2026\u2026\u2026\u2026\u2026\u2026\u2026\u2026\u2026\u2026\u2026\u2026\u2026\u2026\u2026\u2026\u2026\u2026\u2026\u2026\u2026\u2026\u2026\u2026\u2026\u2026\u2026\u2026\u2026\u2026\u2026\u2026\u2026\u2026\u2026\u2026\u2026\u2026\u2026\u2026\u2026\u2026\u2026\u2026\u2026\u2026\u2026\u2026\u2026\u2026\u2026\u2026\u2026\u2026<\/p>\n<p style=\"font-weight: 400;\">.\u2026\u2026\u2026\u2026\u2026\u2026\u2026\u2026\u2026\u2026\u2026\u2026\u2026\u2026\u2026\u2026\u2026\u2026\u2026\u2026\u2026\u2026\u2026\u2026\u2026\u2026\u2026\u2026\u2026\u2026\u2026\u2026\u2026\u2026\u2026\u2026\u2026\u2026\u2026\u2026\u2026\u2026\u2026\u2026\u2026\u2026\u2026\u2026\u2026\u2026\u2026\u2026\u2026\u2026\u2026\u2026\u2026<\/p>\n<p style=\"font-weight: 400;\">.\u2026\u2026\u2026\u2026\u2026\u2026\u2026\u2026\u2026\u2026\u2026\u2026\u2026\u2026\u2026\u2026\u2026\u2026\u2026\u2026\u2026\u2026\u2026\u2026\u2026\u2026\u2026\u2026\u2026\u2026\u2026\u2026\u2026\u2026\u2026\u2026\u2026\u2026\u2026\u2026\u2026\u2026\u2026\u2026\u2026\u2026\u2026\u2026\u2026\u2026\u2026\u2026\u2026\u2026\u2026\u2026\u2026<\/p>\n<p style=\"font-weight: 400;\">.\u2026\u2026\u2026\u2026\u2026\u2026\u2026\u2026\u2026\u2026\u2026\u2026\u2026\u2026\u2026\u2026\u2026\u2026\u2026\u2026\u2026\u2026\u2026\u2026\u2026\u2026\u2026\u2026\u2026\u2026\u2026\u2026\u2026\u2026\u2026\u2026\u2026\u2026\u2026\u2026\u2026\u2026\u2026\u2026\u2026\u2026\u2026\u2026\u2026\u2026\u2026\u2026\u2026\u2026\u2026\u2026\u2026<\/p>\n<p style=\"font-weight: 400;\">.\u2026\u2026\u2026\u2026\u2026\u2026\u2026\u2026\u2026\u2026\u2026\u2026\u2026\u2026\u2026\u2026\u2026\u2026\u2026\u2026\u2026\u2026\u2026\u2026\u2026\u2026\u2026\u2026\u2026\u2026\u2026\u2026\u2026\u2026\u2026\u2026\u2026\u2026\u2026\u2026\u2026\u2026\u2026\u2026\u2026\u2026\u2026\u2026\u2026\u2026\u2026\u2026\u2026\u2026\u2026\u2026\u2026<\/p>\n<p style=\"font-weight: 400;\">\n<p style=\"font-weight: 400;\">Ba\u015fvuruda\u00a0bildirmi\u015f\u00a0oldu\u011fum\u00a0bilgi\u00a0ve\u00a0belgelerin\u00a0do\u011fru\u00a0oldu\u011funu,\u00a0\u015eirketinizin\u00a0ba\u015fvurumu\u00a0sonu\u00e7land\u0131rabilmesi\u00a0i\u00e7in\u00a0ek\u00a0bilgi\u00a0ve\u00a0belge\u00a0talep\u00a0edebilece\u011fini,\u00a0ayr\u0131ca\u00a0bir\u00a0maliyet\u00a0gerektirmesi\u00a0halinde\u00a0Ki\u015fisel\u00a0Verileri\u00a0Koruma\u00a0Kurulu\u00a0taraf\u0131ndan\u00a0belirlenen\u00a0\u00fccreti\u00a0\u00f6demem\u00a0gerekebilece\u011fini\u00a0beyan\u00a0ve\u00a0taahh\u00fct\u00a0ederim.<\/p>\n<p style=\"font-weight: 400;\">Yukar\u0131da\u00a0belirtti\u011fim\u00a0talepler\u00a0do\u011frultusunda,\u00a0ba\u015fvurumun\u00a0de\u011ferlendirilerek\u00a0taraf\u0131ma\u00a0bilgi\u00a0verilmesini\u00a0rica\u00a0ederim.<\/p>\n<p style=\"font-weight: 400;\"><b><strong>*Ki\u015fisel\u00a0veri\u00a0sahibi\u00a019\u00a0ya\u015f\u0131ndan\u00a0g\u00fcn\u00a0almam\u0131\u015f\u00a0ise\u00a0ebeveynleri\u00a0ya\u00a0da\u00a0velayet\u00a0sahibi,\u00a0vesayet\u00a0alt\u0131nda\u00a0ise\u00a0vasisi,\u00a0ilgili\u00a0ki\u015finin\u00a0bu\u00a0y\u00f6nde\u00a0a\u00e7\u0131k\u00e7a\u00a0vekalet\u00a0vermi\u015f\u00a0oldu\u011fu\u00a0ki\u015filer\u00a0bu\u00a0durumu\u00a0belgelemeleri\u00a0halinde\u00a0ba\u015fvuru\u00a0yapabilir.<\/strong><\/b><\/p>\n<p style=\"font-weight: 400;\"><b><strong>\u00a0<\/strong><\/b><\/p>\n<p style=\"font-weight: 400;\"><b><strong>\u00a0<\/strong><\/b><\/p>\n<p style=\"font-weight: 400;\"><b><strong>Ba\u015fvuruda<\/strong><\/b><b><strong>\u00a0Bulunan\u00a0\u0130lgili\u00a0Ki\u015fi<\/strong><\/b><\/p>\n<p style=\"font-weight: 400;\">Ad\u0131\u00a0Soyad\u0131\u00a0:<\/p>\n<p style=\"font-weight: 400;\">\u0130mza\u00a0:<\/p>\n<p style=\"font-weight: 400;\">\n<\/td>\n<\/tr>\n<\/tbody>\n<\/table>\n<p><span style=\"font-weight: 400;\">\u00a0<\/span><\/p>\n<p style=\"font-weight: 400;\"><b><strong>Ba\u015fvuru<\/strong><\/b><b><strong>\u00a0<\/strong><\/b><b><strong>Y\u00f6ntemi<\/strong><\/b><\/p>\n<table>\n<tbody>\n<tr>\n<td width=\"199\">\n<p style=\"font-weight: 400;\"><b><strong>BA\u015eVURU<\/strong><\/b><b><strong>\u00a0<\/strong><\/b><b><strong>YOLU<\/strong><\/b><\/p>\n<\/td>\n<td width=\"208\">\n<p style=\"font-weight: 400;\"><b><strong>BA\u015eVURU\u00a0YAPILACAK\u00a0ADRES<\/strong><\/b><\/p>\n<\/td>\n<td width=\"217\">\n<p style=\"font-weight: 400;\"><b><strong>BA\u015eVURUDA<\/strong><\/b><b><strong>\u00a0<\/strong><\/b><b><strong>G\u00d6STER\u0130LECEK<\/strong><\/b><\/p>\n<p style=\"font-weight: 400;\"><b><strong>B<\/strong><\/b><b><strong>\u0130LG\u0130<\/strong><\/b><\/p>\n<\/td>\n<\/tr>\n<tr>\n<td width=\"199\">\n<p style=\"font-weight: 400;\"><b><strong>1.\u00a0Yaz\u0131l\u0131\u00a0Olarak\u00a0Islak\u00a0imzal\u0131\u00a0\u015fahsen\u00a0ba\u015fvuru\u00a0veya\u00a0Noter\u00a0vas\u0131tas\u0131yla<\/strong><\/b><\/p>\n<p style=\"font-weight: 400;\"><b><strong>Ba\u015f<\/strong><\/b><b><strong>vuru<\/strong><\/b><\/p>\n<\/td>\n<td width=\"208\">\n<p style=\"font-weight: 400;\">Fevzipa\u015fa Mahallesi S\u00f6\u011f\u00fct Caddesi No: 7 De\u011firmenk\u00f6y Silivri \/ \u0130STANBUL \/ T\u00dcRK\u0130YE<\/p>\n<\/td>\n<td width=\"217\">\n<p style=\"font-weight: 400;\">Ba\u015fvurunun\u00a0konu\u00a0k\u0131sm\u0131na\u00a0\u201cKi\u015fisel\u00a0Verilerin\u00a0Korunmas\u0131\u00a0Kanunu\u00a0Bilgi\u00a0Talebi\u201d\u00a0yaz\u0131lacakt\u0131r.<\/p>\n<\/td>\n<\/tr>\n<tr>\n<td width=\"199\">\n<p style=\"font-weight: 400;\"><b><strong>2.\u00a0Kay\u0131tl\u0131\u00a0Elektronik\u00a0Posta\u00a0(KEP)\u00a0Yoluyla<\/strong><\/b><\/p>\n<\/td>\n<td width=\"208\">\n<p style=\"font-weight: 400;\">kayaplastik@hs01.kep.tr<\/p>\n<\/td>\n<td width=\"217\">\n<p style=\"font-weight: 400;\">E-posta\u2019n\u0131n\u00a0konu\u00a0k\u0131sm\u0131na\u00a0\u201cKi\u015fisel\u00a0Verilerin\u00a0Korunmas\u0131\u00a0Kanunu\u00a0Bilgi\u00a0Talebi\u201d\u00a0yaz\u0131lacakt\u0131r.<\/p>\n<\/td>\n<\/tr>\n<tr>\n<td width=\"199\">\n<p style=\"font-weight: 400;\"><b><strong>3.<\/strong><\/b><b><strong>\u00a0Sistemimizde<\/strong><\/b><b><strong>\u00a0Bulunan\u00a0Elektronik\u00a0Posta\u00a0Adresi\u00a0ile\u00a0Ba\u015fvuru<\/strong><\/b><\/p>\n<\/td>\n<td width=\"208\">\n<p style=\"font-weight: 400;\">info@kayaplastik.com.tr<\/p>\n<\/td>\n<td width=\"217\">\n<p style=\"font-weight: 400;\">E-posta\u2019n\u0131n\u00a0konu\u00a0k\u0131sm\u0131na\u00a0\u201cKi\u015fisel\u00a0Verilerin\u00a0Korunmas\u0131\u00a0Kanunu\u00a0Bilgi\u00a0Talebi\u201d\u00a0yaz\u0131lacakt\u0131r.<\/p>\n<\/td>\n<\/tr>\n<\/tbody>\n<\/table>\n<p><span style=\"font-weight: 400;\">\u00a0<\/span><\/p>\n<p style=\"font-weight: 400;\"><b><strong>\u00a0<\/strong><\/b><\/p>\n<p style=\"font-weight: 400;\"><b><strong>\u00a0<\/strong><\/b><\/p>\n<p style=\"font-weight: 400;\"><b><strong>Talep<\/strong><\/b><b><strong>\u00a0Konusu<\/strong><\/b><\/p>\n<ol>\n<li style=\"font-weight: 400;\"><b><\/b>\u015eirketinizinhakk\u0131mda\u00a0ki\u015fisel\u00a0veri\u00a0i\u015fleyip\u00a0i\u015flemedi\u011fini\u00a0\u00f6\u011frenmek\u00a0istiyorum.<\/li>\n<li style=\"font-weight: 400;\"><b><\/b>E\u011ferKaya Plastik\u00a0hakk\u0131mda\u00a0ki\u015fisel\u00a0veri\u00a0i\u015fliyorsa\u00a0bu\u00a0veri\u00a0i\u015fleme\u00a0faaliyetleri\u00a0hakk\u0131nda\u00a0bilgi\u00a0talep\u00a0ediyorum.<\/li>\n<li style=\"font-weight: 400;\"><b><\/b>E\u011ferKaya Plastik\u00a0hakk\u0131mda\u00a0ki\u015fisel\u00a0veri\u00a0i\u015fliyorsa\u00a0bunlar\u0131n\u00a0i\u015flenme\u00a0amac\u0131n\u0131\u00a0ve\u00a0bu\u00a0amaca\u00a0uygun\u00a0kullan\u0131l\u0131p\u00a0kullan\u0131lmad\u0131\u011f\u0131n\u0131\u00a0\u00f6\u011frenmek\u00a0istiyorum.<\/li>\n<li style=\"font-weight: 400;\"><b><\/b>E\u011ferki\u015fisel\u00a0verilerim\u00a0yurti\u00e7inde\u00a0veya\u00a0yurtd\u0131\u015f\u0131nda\u00a0\u00fc\u00e7\u00fcnc\u00fc\u00a0ki\u015filere\u00a0aktar\u0131l\u0131yorsa\u00a0,bu\u00a0\u00fc\u00e7\u00fcnc\u00fc\u00a0ki\u015fileri\u00a0bilmek\u00a0istiyorum.<\/li>\n<li style=\"font-weight: 400;\"><b><\/b>Ki\u015fiselverilerimin\u00a0eksik\u00a0yada\u00a0yanl\u0131\u015f\u00a0i\u015flendi\u011fini\u00a0d\u00fc\u015f\u00fcn\u00fcyorum\u00a0ve\u00a0bunlar\u0131n\u00a0d\u00fczeltilmesini\u00a0istiyorum.<\/li>\n<li style=\"font-weight: 400;\"><b><\/b>Ki\u015fiselverilerimin\u00a0kanun\u00a0ve\u00a0ilgili\u00a0di\u011fer\u00a0kanun\u00a0h\u00fck\u00fcmlerine\u00a0uygun\u00a0olarak\u00a0i\u015flenmi\u015f\u00a0olmas\u0131na\u00a0ra\u011fmen,\u00a0i\u015flenmesini\u00a0gerektiren\u00a0sebeplerin\u00a0ortadan\u00a0kalkt\u0131\u011f\u0131n\u0131\u00a0d\u00fc\u015f\u00fcn\u00fcyorum\u00a0ve\u00a0bu\u00a0\u00e7er\u00e7evede\u00a0ki\u015fisel\u00a0verilerimin\u00a0silinmesini\u00a0veya\u00a0yok\u00a0edilmesini\u00a0talep\u00a0ediyorum.<\/li>\n<li style=\"font-weight: 400;\"><b><\/b>Eksikveya\u00a0yanl\u0131\u015f\u00a0i\u015flendi\u011fini\u00a0d\u00fc\u015f\u00fcnd\u00fc\u011f\u00fcm\u00a0ki\u015fisel\u00a0verilerimin\u00a0aktar\u0131ld\u0131\u011f\u0131\u00a0\u00fc\u00e7\u00fcnc\u00fc\u00a0ki\u015filer\u00a0nezdinde\u00a0de\u00a0d\u00fczeltilmesini\u00a0istiyorum.<\/li>\n<li style=\"font-weight: 400;\"><b><\/b>Ki\u015fiselverilerimin\u00a0kanun\u00a0ve\u00a0ilgili\u00a0di\u011fer\u00a0kanun\u00a0h\u00fck\u00fcmlerine\u00a0uygun\u00a0olarak\u00a0i\u015flenmi\u015f\u00a0olmas\u0131na\u00a0ra\u011fmen,\u00a0i\u015flenmesini\u00a0gerektiren\u00a0sebeplerin\u00a0ortadan\u00a0kalkt\u0131\u011f\u0131n\u0131\u00a0d\u00fc\u015f\u00fcn\u00fcyorum\u00a0ve\u00a0bu\u00a0\u00e7er\u00e7evede\u00a0ki\u015fisel\u00a0verilerimin\u00a0\u00fc\u00e7\u00fcnc\u00fc\u00a0ki\u015filer\u00a0nezdinde\u00a0de\u00a0silinmesinin\u00a0veya\u00a0\u00a0yok\u00a0\u00a0edilmesinin\u00a0bildirilmesini\u00a0\u00a0talep\u00a0\u00a0ediyorum.<\/li>\n<li style=\"font-weight: 400;\"><b><\/b>Kaya Plastiktaraf\u0131ndan\u00a0i\u015flenen\u00a0ki\u015fisel\u00a0verilerimin\u00a0m\u00fcnhas\u0131ran\u00a0otomatik\u00a0sistemler\u00a0vas\u0131tas\u0131yla\u00a0analiz\u00a0edildi\u011fini\u00a0ve\u00a0bu\u00a0analiz\u00a0neticesinde\u00a0\u015eahs\u0131m\u00a0aleyhine\u00a0bir\u00a0sonu\u00e7\u00a0do\u011fdu\u011funu\u00a0d\u00fc\u015f\u00fcn\u00fcyorum. Bu\u00a0sonuca\u00a0itiraz\u00a0ediyorum.<\/li>\n<li style=\"font-weight: 400;\"><b><\/b>Ki\u015fiselverilerimin\u00a0Kanuna\u00a0ayk\u0131r\u0131\u00a0i\u015flenmesi\u00a0nedeniyle\u00a0zarara\u00a0u\u011frad\u0131m. Bu\u00a0zarar\u0131n\u00a0tazminini\u00a0talep\u00a0ediyorum.<\/li>\n<\/ol>\n<p style=\"font-weight: 400;\">\n<p style=\"font-weight: 400;\">Doldurmu\u015f\u00a0oldu\u011funuz\u00a0bu\u00a0ba\u015fvuru\u00a0formu,\u00a0Kaya Plastik\u00a0ile\u00a0olan\u00a0ili\u015fkinizi\u00a0tespit\u00a0ederek,\u00a0varsa,\u00a0\u015eirketimiz\u00a0taraf\u0131ndan\u00a0i\u015flenen\u00a0ki\u015fisel\u00a0verilerinizle\u00a0ilgili\u00a0olarak\u00a0eksiksiz\u00a0ve\u00a0isabetli\u00a0olarak\u00a0ilgili\u00a0ba\u015fvurunuza\u00a0do\u011fru\u00a0ve\u00a0kanuni\u00a0s\u00fcresi\u00a0i\u00e7erisinde\u00a0cevap\u00a0verilebilmesi\u00a0i\u00e7in\u00a0d\u00fczenlenmi\u015ftir.\u00a0Hukuka\u00a0ayk\u0131r\u0131\u00a0ve\u00a0haks\u0131z\u00a0bir\u00a0\u015fekilde\u00a0veri\u00a0payla\u015f\u0131m\u0131ndan\u00a0kaynaklanabilecek\u00a0hukuki\u00a0risklerin\u00a0bertaraf\u00a0edilmesi\u00a0ve\u00a0\u00f6zellikle\u00a0ki\u015fisel\u00a0verilerinizin\u00a0g\u00fcvenli\u011finin\u00a0sa\u011flanmas\u0131\u00a0amac\u0131yla,\u00a0kimlik\u00a0ve\u00a0yetki\u00a0tespiti\u00a0i\u00e7in\u00a0Kaya Plastik,\u00a0ek\u00a0evrak\u00a0ve\u00a0malumat\u00a0(N\u00fcfus\u00a0c\u00fczdan\u0131\u00a0veya\u00a0s\u00fcr\u00fcc\u00fc\u00a0belgesi\u00a0sureti\u00a0gibi)\u00a0talep\u00a0etme\u00a0hakk\u0131n\u0131\u00a0sakl\u0131\u00a0tutar. Form\u00a0kapsam\u0131nda\u00a0iletmekte\u00a0oldu\u011funuz\u00a0taleplerinize\u00a0ili\u015fkin\u00a0bilgilerin\u00a0do\u011fru\u00a0ve\u00a0g\u00fcncel\u00a0olmamas\u0131\u00a0ya\u00a0da\u00a0yetkisiz\u00a0bir\u00a0ba\u015fvuru\u00a0yap\u0131lmas\u0131\u00a0halinde,\u00a0s\u00f6z\u00a0konusu\u00a0yanl\u0131\u015f\u00a0bilgi\u00a0ya\u00a0da\u00a0yetkisiz\u00a0ba\u015fvuru\u00a0kaynakl\u0131\u00a0taleplerden\u00a0veya\u00a0belirtti\u011finiz\u00a0adreslere\u00a0cevaplar\u0131m\u0131z\u0131n\u00a0g\u00f6nderimi\u00a0s\u0131ras\u0131nda\u00a0olu\u015fabilecek\u00a0aksakl\u0131klardan\u00a0dolay\u0131\u00a0\u015eirketimiz\u00a0sorumluluk\u00a0kabul\u00a0etmemektedir.<\/p>\n<p style=\"font-weight: 400;\">\n<p style=\"font-weight: 400;\">Kaya Plastik\u00a0taraf\u0131ndan\u00a0doldurulacakt\u0131r.<\/p>\n<p style=\"font-weight: 400;\">Tarih: \u2026. \/ \u2026. \/ \u2026\u2026\u2026<\/p>\n<p style=\"font-weight: 400;\">Teslim\u00a0Alan\u0131n\u00a0Ad\u0131\u00a0Soyad\u0131: \u2026\u2026\u2026\u2026\u2026\u2026\u2026\u2026\u2026\u2026\u2026\u2026\u2026\u2026\u2026\u2026\u2026\u2026\u2026\u2026\u2026..<\/p>\n<p style=\"font-weight: 400;\">\u0130mza: \u2026\u2026\u2026\u2026\u2026\u2026\u2026\u2026\u2026\u2026.<\/p>\n","protected":false},"excerpt":{"rendered":"<p>K\u0130\u015e\u0130SEL VER\u0130LER\u0130N KORUNMASI KANUNU UYARINCA VER\u0130 SAH\u0130B\u0130 BA\u015eVURU FORMU Ba\u015fvuru\u00a0Tarihi :\u00a0\u2026. \/ \u2026. \/ \u2026\u2026 \u00a0 1.\u00a0Veri\u00a0Sahibinin\u00a0Kimlik\u00a0ve\u00a0\u0130leti\u015fim\u00a0Bilgileri Ad\u2013Soyad\u0131 : T.C.\u00a0Kimlik\u00a0\/Pasaport\/Kimlik Numaras\u0131 : Tebligat\u00a0Adresi : Cep\u00a0Telefonu : Telefon\u00a0Numaras\u0131 : Faks\u00a0Numaras\u0131 : &#8230;<\/p>\n","protected":false},"author":1,"featured_media":0,"parent":0,"menu_order":0,"comment_status":"closed","ping_status":"closed","template":"","meta":[],"_links":{"self":[{"href":"https:\/\/kayaplastik.com.tr\/fr\/wp-json\/wp\/v2\/pages\/1631"}],"collection":[{"href":"https:\/\/kayaplastik.com.tr\/fr\/wp-json\/wp\/v2\/pages"}],"about":[{"href":"https:\/\/kayaplastik.com.tr\/fr\/wp-json\/wp\/v2\/types\/page"}],"author":[{"embeddable":true,"href":"https:\/\/kayaplastik.com.tr\/fr\/wp-json\/wp\/v2\/users\/1"}],"replies":[{"embeddable":true,"href":"https:\/\/kayaplastik.com.tr\/fr\/wp-json\/wp\/v2\/comments?post=1631"}],"version-history":[{"count":2,"href":"https:\/\/kayaplastik.com.tr\/fr\/wp-json\/wp\/v2\/pages\/1631\/revisions"}],"predecessor-version":[{"id":2115,"href":"https:\/\/kayaplastik.com.tr\/fr\/wp-json\/wp\/v2\/pages\/1631\/revisions\/2115"}],"wp:attachment":[{"href":"https:\/\/kayaplastik.com.tr\/fr\/wp-json\/wp\/v2\/media?parent=1631"}],"curies":[{"name":"wp","href":"https:\/\/api.w.org\/{rel}","templated":true}]}}