{"id":1627,"date":"2020-10-15T00:34:33","date_gmt":"2020-10-14T21:34:33","guid":{"rendered":"http:\/\/zanartgrafik.com\/kaya\/?page_id=1627"},"modified":"2021-09-20T11:04:05","modified_gmt":"2021-09-20T08:04:05","slug":"gizlilik-politikasi-2","status":"publish","type":"page","link":"https:\/\/kayaplastik.com.tr\/fr\/gizlilik-politikasi-2\/","title":{"rendered":"Politique de confidentialit\u00e9"},"content":{"rendered":"<p style=\"font-weight: 400;\"><b><strong>KAYA PLAST\u0130K BRANDA SAN. ve T\u0130C. A.\u015e.<\/strong><\/b><b><strong><br \/>\nK\u0130\u015e\u0130SEL VER\u0130LER\u0130N \u0130\u015eLENMES\u0130NE \u0130L\u0130\u015eK\u0130N M\u00dc\u015eTER\u0130 AYDINLATMA METN\u0130<\/strong><\/b><\/p>\n<p style=\"font-weight: 400;\">\n<p style=\"font-weight: 400;\">Kaya Plastik Branda San. ve Tic. A.\u015e.\u00a0(\u201c<b><strong>Kaya Plastik<\/strong><\/b><b><strong>\u201d<\/strong><\/b>) olarak,\u00a0pvc branda \u00fcreticisi olarak pvc branda kuma\u015flardan t\u0131r brandas\u0131, tente, kamp \u00e7ad\u0131r\u0131, havaland\u0131rma kanallar\u0131, branda \u00f6rt\u00fcler, \u015fantiye \u00e7ad\u0131rlar\u0131, reklam bask\u0131lar\u0131, \u00e7ocuk oyun parklar\u0131, v.b. \u00fcr\u00fcnler pvc branda kuma\u015f kullan\u0131larak yap\u0131lmaktad\u0131r.<\/p>\n<p style=\"font-weight: 400;\">Ki\u015fisel verilerinizi, a\u015fa\u011f\u0131da bilgilerini verdi\u011fimiz veri sorumlusu s\u0131fat\u0131yla, gizlilik ilkelerine ba\u011fl\u0131 ve 6698 say\u0131l\u0131 Ki\u015fisel Verilerin Korunmas\u0131 Kanunu\u2019na (\u201c<b><strong>Kanun\u201d<\/strong><\/b>) uygun, sat\u0131\u015f kanallar\u0131m\u0131z \u00fczerinden elde etmekte ve gizli tutmaktay\u0131z. Bu belge ile ayd\u0131nlatma y\u00fck\u00fcml\u00fcl\u00fc\u011f\u00fcn\u00fc yerine getirmekte ve ki\u015fisel verilerinizin i\u015flenmesi i\u00e7in a\u00e7\u0131k r\u0131zan\u0131z\u0131 istemekteyiz.<\/p>\n<table width=\"558\">\n<tbody>\n<tr>\n<td width=\"132\">\n<p style=\"font-weight: 400;\"><b><strong>Unvan:<\/strong><\/b><\/p>\n<\/td>\n<td width=\"425\">\n<p style=\"font-weight: 400;\">Kaya Plastik Branda San. ve Tic. A.\u015e.<\/p>\n<\/td>\n<\/tr>\n<tr>\n<td width=\"132\">\n<p style=\"font-weight: 400;\"><b><strong>MERS\u0130S Numaras\u0131:<\/strong><\/b><\/p>\n<\/td>\n<td width=\"425\">\n<p style=\"font-weight: 400;\">0534074716200021<\/p>\n<\/td>\n<\/tr>\n<tr>\n<td width=\"132\">\n<p style=\"font-weight: 400;\"><b><strong>Adresi:<\/strong><\/b><\/p>\n<\/td>\n<td width=\"425\">\n<p style=\"font-weight: 400;\">Fevzipa\u015fa Mahallesi S\u00f6\u011f\u00fct Caddesi No: 7 De\u011firmenk\u00f6y Silivri \/ \u0130STANBUL \/ T\u00dcRK\u0130YE<\/p>\n<\/td>\n<\/tr>\n<tr>\n<td width=\"132\">\n<p style=\"font-weight: 400;\"><b><strong>Telefon:<\/strong><\/b><\/p>\n<\/td>\n<td width=\"425\">\n<p style=\"font-weight: 400;\">0 212 735 3940<\/p>\n<\/td>\n<\/tr>\n<tr>\n<td width=\"132\">\n<p style=\"font-weight: 400;\"><b><strong>Faks:<\/strong><\/b><\/p>\n<\/td>\n<td width=\"425\">\n<p style=\"font-weight: 400;\">0212 735 3937<\/p>\n<\/td>\n<\/tr>\n<tr>\n<td width=\"132\">\n<p style=\"font-weight: 400;\"><b><strong>E-mail:<\/strong><\/b><\/p>\n<\/td>\n<td width=\"425\">\n<p style=\"font-weight: 400;\">info@kayaplastik.com.tr<\/p>\n<\/td>\n<\/tr>\n<\/tbody>\n<\/table>\n<p style=\"font-weight: 400;\">\n<p style=\"font-weight: 400;\">Ki\u015fisel verilerinizden: Ad,\u00a0soyad, T.C. kimlik\u00a0no,\u00a0tabiyeti, \u00fclke, \u015fehir, pasaport numaras\u0131, verildi\u011fi yer ve tarihi, imza, oto plaka\u00a0no, \u015firket, mesle\u011fi,\u00a0\u00a0adres, e posta adresi, telefon numaras\u0131, y\u00fck bilgileri kay\u0131t i\u015flem bilgileri, \u00f6deme bilgileri, talep veya \u015fik\u00e2yet verileri, web site verileri, i\u015flem g\u00fcvenli\u011fi bilgileri ile kamera kay\u0131tlar\u0131n\u0131, yapt\u0131\u011f\u0131m\u0131z i\u015fin y\u00fcr\u00fct\u00fclmesi ba\u015fta olmak \u00fczere, \u201chttp:\/\/kayaplastik.com\/kisisel-verilerin-korunmasi\u201d adresinden eri\u015febilece\u011finiz,\u00a0Kaya Plastik\u00a0Ki\u015fisel Verilerin Korunmas\u0131 ve \u0130\u015flenmesi Politikas\u0131 (\u201cPolitika\u201d) belgesinde d\u00fczenlenen ama\u00e7larla, Kanun\u2019un 5. ve 6. maddelerine uygun i\u015flemekteyiz. Ki\u015fisel verilerinizi, ayn\u0131 adresten eri\u015febilece\u011finiz, Ki\u015fisel Veri Saklama ve \u0130mha\u00a0Politikas\u0131\u2019nda\u00a0\u00f6ng\u00f6r\u00fclen s\u00fcrelerde, gereken her t\u00fcrl\u00fc teknik ve idari tedbirleri alarak korumakta, bu s\u00fcrenin bitimini izleyen periyodik imha s\u00fcresinde (6 ay) silmekte, yok etmekte veya anonim hale getirmekteyiz.<\/p>\n<p style=\"font-weight: 400;\">Ki\u015fisel verilerinizi mevzuat ve a\u00e7\u0131k r\u0131zan\u0131zla, ger\u00e7ek ki\u015filer veya \u00f6zel hukuk t\u00fczel ki\u015fileri, hissedarlar, i\u015f ortaklar\u0131, i\u015ftirakler ve ba\u011fl\u0131 ortakl\u0131klar, tedarik\u00e7iler, yetkili kamu kurum ve kurulu\u015flar\u0131, \u00f6zel sigorta \u015firketleri, denet\u00e7iler, dan\u0131\u015fmanlar, s\u00f6zle\u015fmeli hizmet ald\u0131\u011f\u0131m\u0131z, i\u015fbirli\u011fi yapt\u0131\u011f\u0131m\u0131z, yurt i\u00e7i kurulu\u015flar ile sosyal medya hesab\u0131m\u0131zda, Kanun\u2019un 8. maddesine uygun belirlenen ama\u00e7larla\u00a0yurt i\u00e7inde; Kanunun 9. maddesinde belirtilen \u015fartlar\u0131n sa\u011flanmas\u0131 halinde yurt d\u0131\u015f\u0131nda payla\u015fabilmekteyiz.<\/p>\n<p style=\"font-weight: 400;\">Faaliyetlerimiz ile ilgili olarak ileti\u015fim bilgileriniz \u00fczerinden sundu\u011fumuz \u00fcr\u00fcn ve hizmetler hakk\u0131nda bilgilendirme, yeni \u00fcr\u00fcn ve hizmetlerin tan\u0131t\u0131m\u0131, \u00f6zel teklifler i\u00e7in izin vermeniz halinde ticari elektronik iletileri g\u00f6ndermekteyiz. Bu iletimleri iste\u011finiz \u00fczerine durdurmaktay\u0131z.<\/p>\n<p style=\"font-weight: 400;\">Kanunun \u201cilgili ki\u015finin haklar\u0131n\u0131 d\u00fczenleyen\u201d 11. maddesi kapsam\u0131ndaki taleplerinizi,\u00a0Politika\u2019da\u00a0d\u00fczenlendi\u011fi \u015fekilde, ayr\u0131nt\u0131s\u0131n\u0131\u00a0http:\/\/kayaplastik.com\/kisisel-verilerin-korunmasi\u00a0adresinden ula\u015fabilece\u011finiz Ba\u015fvuru\u00a0Formunu\u2019nu\u00a0<b><strong>Kaya Plastik<\/strong><\/b>\u2019e ileterek yapabilirsiniz.<\/p>\n<p style=\"font-weight: 400;\"><b><strong>Kaya Plastik Branda San. ve Tic. A.\u015e.<\/strong><\/b><\/p>\n<p style=\"font-weight: 400;\"><b><strong>\u00a0<\/strong><\/b><\/p>\n<p style=\"font-weight: 400;\"><b><strong>A\u00c7IK RIZA BEYANIM<\/strong><\/b><\/p>\n<p style=\"font-weight: 400;\">Yukar\u0131da a\u00e7\u0131klanan t\u00fcm hususlarda taraf\u0131ma gerekli ayd\u0131nlatman\u0131n yap\u0131ld\u0131\u011f\u0131n\u0131; bu metni,\u00a0Kaya Plastik\u00a0Ki\u015fisel Verilerin Korunmas\u0131 ve \u0130\u015flenmesi Politikas\u0131n\u0131 okudu\u011fumu ve anlad\u0131\u011f\u0131m\u0131; 6698 say\u0131l\u0131 Kanunun 11. maddesi kapsam\u0131ndaki haklar\u0131m\u0131 bildi\u011fimi beyan eder; Veri sorumlusunun g\u00fcvenlik, denetim, sa\u011fl\u0131k gibi me\u015fru menfaatler, s\u00f6zle\u015fme ya da kanundan kaynaklanan nedenlerle s\u00f6zl\u00fc, yaz\u0131l\u0131 ya da elektronik ortamda toplanan ki\u015fisel verilerimin i\u015fleme amac\u0131 ile ba\u011flant\u0131l\u0131, s\u0131n\u0131rl\u0131 ve \u00f6l\u00e7\u00fcl\u00fc i\u015flenmesine, ticari elektronik ileti almay\u0131;<\/p>\n<p style=\"font-weight: 400;\">\n<p style=\"font-weight: 400;\">A\u00e7\u0131k R\u0131zam ile Kabul Ediyorum\u00a0\u00a0\u00a0\u00a0\u00a0\u00a0\u00a0\u00a0\u00a0\u00a0\u00a0\u00a0\u00a0\u00a0\u00a0\u00a0\u00a0\u00a0\u00a0\u00a0\u00a0\u00a0\u00a0\u00a0\u00a0\u00a0\u00a0\u00a0\u00a0\u00a0\u00a0\u00a0\u00a0\u00a0\u00a0\u00a0\u00a0Kabul Etmiyorum<\/p>\n<p style=\"font-weight: 400;\">Tarih\u00a0\u00a0\u00a0\u00a0\u00a0\u00a0\u00a0\u00a0\u00a0\u00a0\u00a0:\u2026\u2026\u2026\/\u2026\u2026..\/\u2026\u2026\u2026\u2026\u2026\u2026<\/p>\n<p style=\"font-weight: 400;\"><b><strong>Veri Sahibi<\/strong><\/b><\/p>\n<p style=\"font-weight: 400;\">Ad\u0131\u00a0Soyad\u0131\u00a0\u00a0:\u2026\u2026\u2026\u2026\u2026\u2026\u2026\u2026\u2026\u2026\u2026\u2026\u2026\u2026\u2026\u2026\u2026<\/p>\n<p style=\"font-weight: 400;\">T.C. Kimlik No: \u2026\u2026\u2026\u2026\u2026\u2026\u2026\u2026\u2026\u2026\u2026\u2026\u2026\u2026\u2026\u00a0\u00a0\u00a0\u00a0\u00a0\u00a0\u00a0\u00a0\u00a0\u00a0\u0130mza\u00a0\u00a0\u00a0\u00a0\u00a0\u00a0\u00a0\u00a0\u00a0\u00a0\u00a0\u00a0:\u2026\u2026\u2026\u2026\u2026\u2026\u2026\u2026\u2026\u2026\u2026\u2026.<\/p>\n","protected":false},"excerpt":{"rendered":"<p>KAYA PLAST\u0130K BRANDA SAN. ve T\u0130C. A.\u015e. K\u0130\u015e\u0130SEL VER\u0130LER\u0130N \u0130\u015eLENMES\u0130NE \u0130L\u0130\u015eK\u0130N M\u00dc\u015eTER\u0130 AYDINLATMA METN\u0130 Kaya Plastik Branda San. ve Tic. A.\u015e.\u00a0(\u201cKaya Plastik\u201d) olarak,\u00a0pvc branda \u00fcreticisi olarak pvc branda kuma\u015flardan t\u0131r &#8230;<\/p>\n","protected":false},"author":1,"featured_media":0,"parent":0,"menu_order":0,"comment_status":"closed","ping_status":"closed","template":"","meta":[],"_links":{"self":[{"href":"https:\/\/kayaplastik.com.tr\/fr\/wp-json\/wp\/v2\/pages\/1627"}],"collection":[{"href":"https:\/\/kayaplastik.com.tr\/fr\/wp-json\/wp\/v2\/pages"}],"about":[{"href":"https:\/\/kayaplastik.com.tr\/fr\/wp-json\/wp\/v2\/types\/page"}],"author":[{"embeddable":true,"href":"https:\/\/kayaplastik.com.tr\/fr\/wp-json\/wp\/v2\/users\/1"}],"replies":[{"embeddable":true,"href":"https:\/\/kayaplastik.com.tr\/fr\/wp-json\/wp\/v2\/comments?post=1627"}],"version-history":[{"count":2,"href":"https:\/\/kayaplastik.com.tr\/fr\/wp-json\/wp\/v2\/pages\/1627\/revisions"}],"predecessor-version":[{"id":2112,"href":"https:\/\/kayaplastik.com.tr\/fr\/wp-json\/wp\/v2\/pages\/1627\/revisions\/2112"}],"wp:attachment":[{"href":"https:\/\/kayaplastik.com.tr\/fr\/wp-json\/wp\/v2\/media?parent=1627"}],"curies":[{"name":"wp","href":"https:\/\/api.w.org\/{rel}","templated":true}]}}