{"id":1625,"date":"2020-10-15T00:33:50","date_gmt":"2020-10-14T21:33:50","guid":{"rendered":"http:\/\/zanartgrafik.com\/kaya\/?page_id=1625"},"modified":"2021-09-20T11:03:49","modified_gmt":"2021-09-20T08:03:49","slug":"bilgi-toplumu","status":"publish","type":"page","link":"https:\/\/kayaplastik.com.tr\/fr\/bilgi-toplumu\/","title":{"rendered":"Soci\u00e9t\u00e9 de l&#8217;information"},"content":{"rendered":"<p>\u015eirketin Unvan\u0131: KAYA PLAST\u0130K BRANDA SAN.T\u0130C.A.\u015e. Kurulu\u015f Tarihi: 1993 \u015eirket Merkezi: \u0130stanbul Adresi: FEVZ\u0130PA\u015eA MAH. S\u00d6\u011e\u00dcT CAD. NO:7 DE\u011e\u0130RMENK\u00d6Y \/ S\u0130L\u0130VR\u0130 \/ \u0130STANBUL \/TURKEY Telefon No: +90 (212( 735 39 40 Kay\u0131tl\u0131 Oldu\u011fu Sicil: \u0130stanbul Ticaret Sicil Memurlu\u011fu Ticaret Sicil No: 307124 Mersis No: 0534074716200021 Ba\u011f\u0131ms\u0131z Denet\u00e7i: Mahir Aydo\u011fan ARAZ Ba\u011f\u0131ms\u0131z Denet\u00e7i Adresi: \u0130dealtepe Mah. Ba\u011fdat Cad. M\u0131zrak Konak Apt. No: 194\/8 34481 Maltepe \/ \u0130STANBUL Tel: +90 (216) 5180009 (Pbx) Ticaret Sicil No: 341543<\/p>\n<figure class=\"wp-block-table\">\n<table>\n<tbody>\n<tr>\n<td><strong>Direkt Ortaklar\u00a0<\/strong><\/td>\n<td><strong>\u0130\u015ftirak Tutar\u0131 (TL)\u00a0<\/strong><\/td>\n<td><strong>\u0130\u015ftirak Oran\u0131 ({920fe812204af49a8f2f9fd0171174383decb7ae8264ebac4722893575d41adb})<\/strong><\/td>\n<\/tr>\n<tr>\n<td>Memet KAYA<\/td>\n<td>6.000.000,00<\/td>\n<td>40,00<\/td>\n<\/tr>\n<tr>\n<td>Turan KAYA<\/td>\n<td>4.500.000,00<\/td>\n<td>30,00<\/td>\n<\/tr>\n<tr>\n<td>Hasan KAYA<\/td>\n<td>4.500.000,00<\/td>\n<td>30,00<\/td>\n<\/tr>\n<tr>\n<td>Toplam<\/td>\n<td><strong>15.000.000,00<\/strong><\/td>\n<td>100<\/td>\n<\/tr>\n<\/tbody>\n<\/table>\n<\/figure>\n","protected":false},"excerpt":{"rendered":"<p>\u015eirketin Unvan\u0131: KAYA PLAST\u0130K BRANDA SAN.T\u0130C.A.\u015e. Kurulu\u015f Tarihi: 1993 \u015eirket Merkezi: \u0130stanbul Adresi: FEVZ\u0130PA\u015eA MAH. S\u00d6\u011e\u00dcT CAD. NO:7 DE\u011e\u0130RMENK\u00d6Y \/ S\u0130L\u0130VR\u0130 \/ \u0130STANBUL \/TURKEY Telefon No: +90 (212( 735 39 &#8230;<\/p>\n","protected":false},"author":1,"featured_media":0,"parent":0,"menu_order":0,"comment_status":"closed","ping_status":"closed","template":"","meta":[],"_links":{"self":[{"href":"https:\/\/kayaplastik.com.tr\/fr\/wp-json\/wp\/v2\/pages\/1625"}],"collection":[{"href":"https:\/\/kayaplastik.com.tr\/fr\/wp-json\/wp\/v2\/pages"}],"about":[{"href":"https:\/\/kayaplastik.com.tr\/fr\/wp-json\/wp\/v2\/types\/page"}],"author":[{"embeddable":true,"href":"https:\/\/kayaplastik.com.tr\/fr\/wp-json\/wp\/v2\/users\/1"}],"replies":[{"embeddable":true,"href":"https:\/\/kayaplastik.com.tr\/fr\/wp-json\/wp\/v2\/comments?post=1625"}],"version-history":[{"count":2,"href":"https:\/\/kayaplastik.com.tr\/fr\/wp-json\/wp\/v2\/pages\/1625\/revisions"}],"predecessor-version":[{"id":2110,"href":"https:\/\/kayaplastik.com.tr\/fr\/wp-json\/wp\/v2\/pages\/1625\/revisions\/2110"}],"wp:attachment":[{"href":"https:\/\/kayaplastik.com.tr\/fr\/wp-json\/wp\/v2\/media?parent=1625"}],"curies":[{"name":"wp","href":"https:\/\/api.w.org\/{rel}","templated":true}]}}