{"id":1621,"date":"2020-10-15T00:32:20","date_gmt":"2020-10-14T21:32:20","guid":{"rendered":"http:\/\/zanartgrafik.com\/kaya\/?page_id=1621"},"modified":"2021-09-20T11:05:03","modified_gmt":"2021-09-20T08:05:03","slug":"company-policy","status":"publish","type":"page","link":"https:\/\/kayaplastik.com.tr\/fr\/company-policy\/","title":{"rendered":"Notre politique d&#8217;entreprise"},"content":{"rendered":"<p>Firmam\u0131zda kalite, sadece m\u00fc\u015fteriye sunulan \u00fcr\u00fcn\u00fcn \u015fartnamelere uygunlu\u011fu de\u011fil; fiyat, uzun s\u00fcreli ve g\u00fcvenli kullanma, yeni taleplere h\u0131zl\u0131 cevap verme duyarl\u0131l\u0131\u011f\u0131 ve teslim s\u00fcresi, sat\u0131\u015f sonras\u0131 hizmetler, be\u015feri ili\u015fkiler gibi muhtelif m\u00fc\u015fteri beklentilerinin t\u00fcm\u00fcn\u00fcn tatminini ifade eden bir kavram olarak alg\u0131lanmaktad\u0131r. Kalite politikam\u0131z \u00e7ok y\u00f6nl\u00fc m\u00fc\u015fteri ve ilgili taraflar\u0131n beklentilerini en ekonomik, \u00e7evreye zarar vermeden, en h\u0131zl\u0131 \u015fekilde ve s\u00fcrekli iyile\u015ftirme anlay\u0131\u015f\u0131 do\u011frultusunda kar\u015f\u0131lamak, uygulanabilir \u015fartlar\u0131 g\u00f6zetmek ve m\u00fc\u015fterilerimizin memnuniyetini sa\u011flamak i\u00e7in b\u00fct\u00fcn \u00e7al\u0131\u015fanlar\u0131m\u0131z\u0131n etkin kat\u0131l\u0131m\u0131n\u0131 sa\u011flamakt\u0131r. Yukar\u0131da yaz\u0131l\u0131 olan t\u00fcm faaliyetlerin yerine getirilebilmesi i\u00e7in gerekli kaynaklar\u0131 temin edece\u011fimizi, sosyal \u00e7evrenin \u00e7evre bilincini artt\u0131rarak ve topluma sayg\u0131 anlay\u0131\u015f\u0131nda \u00fcretimlerimizi s\u00fcrd\u00fcrece\u011fimizi, bilginin gizlili\u011fi, b\u00fct\u00fcnl\u00fc\u011f\u00fc ve eri\u015fimine ili\u015fkin riskleri belirlemeyi, de\u011ferlendirmeyi, Kabul edilebilir seviyenin \u00fczerinde bulunan t\u00fcm varl\u0131klar i\u00e7in gerekli kontrolleri uygulamay\u0131, Bilgi g\u00fcvenli\u011fi s\u00fcre\u00e7lerinin performans\u0131n\u0131 \u00f6l\u00e7meyi, Bu verilerden hedefler \u00fcretmeyi, Zay\u0131fl\u0131klar\u0131m\u0131z\u0131 ve tehditleri alt yap\u0131, \u00e7al\u0131\u015fma ortam\u0131, donan\u0131m, yaz\u0131l\u0131m ve e\u011fitim yat\u0131r\u0131mlar\u0131yla en aza indirgemeyi, \u0130\u015fimizin, m\u00fc\u015fterilerimizin ve yasal \u015fartlar\u0131n gerektirdi\u011fi g\u00fcvenlik \u015fartlar\u0131n\u0131 kar\u015f\u0131lamay\u0131, Taahh\u00fct ederiz.<\/p>\n","protected":false},"excerpt":{"rendered":"<p>Firmam\u0131zda kalite, sadece m\u00fc\u015fteriye sunulan \u00fcr\u00fcn\u00fcn \u015fartnamelere uygunlu\u011fu de\u011fil; fiyat, uzun s\u00fcreli ve g\u00fcvenli kullanma, yeni taleplere h\u0131zl\u0131 cevap verme duyarl\u0131l\u0131\u011f\u0131 ve teslim s\u00fcresi, sat\u0131\u015f sonras\u0131 hizmetler, be\u015feri ili\u015fkiler gibi &#8230;<\/p>\n","protected":false},"author":1,"featured_media":1868,"parent":0,"menu_order":0,"comment_status":"closed","ping_status":"closed","template":"","meta":[],"_links":{"self":[{"href":"https:\/\/kayaplastik.com.tr\/fr\/wp-json\/wp\/v2\/pages\/1621"}],"collection":[{"href":"https:\/\/kayaplastik.com.tr\/fr\/wp-json\/wp\/v2\/pages"}],"about":[{"href":"https:\/\/kayaplastik.com.tr\/fr\/wp-json\/wp\/v2\/types\/page"}],"author":[{"embeddable":true,"href":"https:\/\/kayaplastik.com.tr\/fr\/wp-json\/wp\/v2\/users\/1"}],"replies":[{"embeddable":true,"href":"https:\/\/kayaplastik.com.tr\/fr\/wp-json\/wp\/v2\/comments?post=1621"}],"version-history":[{"count":2,"href":"https:\/\/kayaplastik.com.tr\/fr\/wp-json\/wp\/v2\/pages\/1621\/revisions"}],"predecessor-version":[{"id":2119,"href":"https:\/\/kayaplastik.com.tr\/fr\/wp-json\/wp\/v2\/pages\/1621\/revisions\/2119"}],"wp:featuredmedia":[{"embeddable":true,"href":"https:\/\/kayaplastik.com.tr\/fr\/wp-json\/wp\/v2\/media\/1868"}],"wp:attachment":[{"href":"https:\/\/kayaplastik.com.tr\/fr\/wp-json\/wp\/v2\/media?parent=1621"}],"curies":[{"name":"wp","href":"https:\/\/api.w.org\/{rel}","templated":true}]}}